{"id":27398864,"date":"2026-01-23T14:10:54","date_gmt":"2026-01-23T14:10:54","guid":{"rendered":"https:\/\/gripmax-tyres.com\/contact\/"},"modified":"2026-04-30T11:12:26","modified_gmt":"2026-04-30T11:12:26","slug":"contacto","status":"publish","type":"page","link":"https:\/\/gripmax-tyres.com\/pt-pt\/contacto\/","title":{"rendered":"Contacto"},"content":{"rendered":"<p>[et_pb_section fb_built=&#8221;1&#8243; _builder_version=&#8221;4.27.6&#8243; _module_preset=&#8221;default&#8221; use_background_color_gradient=&#8221;on&#8221; background_color_gradient_direction=&#8221;110deg&#8221; background_color_gradient_stops=&#8221;rgba(255,255,255,0) 54%|rgba(226,0,26,0.9) 54%&#8221; background_color_gradient_overlays_image=&#8221;on&#8221; background_image=&#8221;https:\/\/gripmax-tyres.com\/wp-content\/uploads\/2026\/04\/gripmax-contact.jpg&#8221; background_position=&#8221;bottom_center&#8221; custom_padding=&#8221;4%||4%||true|false&#8221; background_last_edited=&#8221;on|phone&#8221; use_background_color_gradient_phone=&#8221;on&#8221; background_color_gradient_stops_phone=&#8221;rgba(255,255,255,0) 73%|rgba(226,0,26,0.9) 73%&#8221; global_colors_info=&#8221;{}&#8221;][et_pb_row column_structure=&#8221;2_5,3_5&#8243; _builder_version=&#8221;4.27.6&#8243; _module_preset=&#8221;default&#8221; max_width=&#8221;1273px&#8221; global_colors_info=&#8221;{}&#8221;][et_pb_column type=&#8221;2_5&#8243; _builder_version=&#8221;4.27.5&#8243; _module_preset=&#8221;default&#8221; global_colors_info=&#8221;{}&#8221;][et_pb_text _builder_version=&#8221;4.27.6&#8243; _module_preset=&#8221;default&#8221; header_font=&#8221;Fira sans &#8211; Extra bold italic|||on|||||&#8221; header_text_color=&#8221;#FFFFFF&#8221; header_font_size=&#8221;80px&#8221; header_line_height=&#8221;0.7em&#8221; header_2_font=&#8221;|||on|||||&#8221; header_2_text_color=&#8221;gcid-primary-color&#8221; header_2_font_size=&#8221;80px&#8221; header_2_line_height=&#8221;0.7em&#8221; header_font_size_tablet=&#8221;80px&#8221; header_font_size_phone=&#8221;55px&#8221; header_font_size_last_edited=&#8221;on|phone&#8221; header_2_font_size_tablet=&#8221;80px&#8221; header_2_font_size_phone=&#8221;55px&#8221; header_2_font_size_last_edited=&#8221;on|phone&#8221; custom_css_free_form=&#8221;selector span.head-title {||    color: #e2001a;||}&#8221; header_text_shadow_style=&#8221;preset2&#8243; header_2_text_shadow_style=&#8221;preset2&#8243; global_colors_info=&#8221;{%22gcid-primary-color%22:%91%22header_2_text_color%22%93}&#8221;]<\/p>\n<h2>Gripmax<\/h2>\n<h1>\u00a0 contacto<\/h1>\n<p>[\/et_pb_text][et_pb_code _builder_version=&#8221;4.27.6&#8243; _module_preset=&#8221;default&#8221; width=&#8221;100%&#8221; custom_margin=&#8221;-30px|||6em|false|false&#8221; custom_margin_tablet=&#8221;-30px|||6em|false|false&#8221; custom_margin_phone=&#8221;|||0em|false|false&#8221; custom_margin_last_edited=&#8221;on|phone&#8221; custom_padding=&#8221;||||false|false&#8221; global_colors_info=&#8221;{}&#8221;]<svg class=\"draw-line\" viewBox=\"0 0 346.45 56.77\" style=\"width:50%; height:auto;\"><!-- [et_pb_line_break_holder] -->  <path <!-- [et_pb_line_break_holder] -->    d=&#8221;M9.02,21.81c14.01-4.26,29.02-7.14,45.99-9.37,22.02-2.89,23.02-2.89,38.88-3.47,9.09-.33,26.13-2.43,27.99,1.68,1.62,3.3-5.41,6.78-7.15,7.91-6.98,4.49-15.68,7.89-21.75,13.56-2.14,2-5.42,6.11-4.08,9.43,1.59,3.95,7.93,3.12,11.17,3.14,14.42.09,28.79-.83,43.06-2.82,12.66-1.76,25.08-4.6,37.84-5.73,17.88-1.58,35.83-1.42,53.76-1.4,33.84.05,67.67,0,101.51.46&#8243;<!-- [et_pb_line_break_holder] -->    fill=&#8221;none&#8221;<!-- [et_pb_line_break_holder] -->    stroke=&#8221;#e30613&#8243;<!-- [et_pb_line_break_holder] -->    stroke-width=&#8221;3&#8243;<!-- [et_pb_line_break_holder] -->    stroke-linecap=&#8221;round&#8221;<!-- [et_pb_line_break_holder] -->    stroke-linejoin=&#8221;round&#8221;<!-- [et_pb_line_break_holder] -->  \/><!-- [et_pb_line_break_holder] --><\/svg>[\/et_pb_code][\/et_pb_column][et_pb_column type=&#8221;3_5&#8243; _builder_version=&#8221;4.27.5&#8243; _module_preset=&#8221;default&#8221; global_colors_info=&#8221;{}&#8221;][\/et_pb_column][\/et_pb_row][\/et_pb_section][et_pb_section fb_built=&#8221;1&#8243; _builder_version=&#8221;4.27.6&#8243; _module_preset=&#8221;default&#8221; global_colors_info=&#8221;{}&#8221;][et_pb_row column_structure=&#8221;3_5,2_5&#8243; _builder_version=&#8221;4.27.6&#8243; _module_preset=&#8221;default&#8221; global_colors_info=&#8221;{}&#8221;][et_pb_column type=&#8221;3_5&#8243; _builder_version=&#8221;4.27.6&#8243; _module_preset=&#8221;default&#8221; global_colors_info=&#8221;{}&#8221;][et_pb_text _builder_version=&#8221;4.27.6&#8243; _module_preset=&#8221;default&#8221; global_colors_info=&#8221;{}&#8221;]<\/p>\n<p>Tem d\u00favidas sobre os nossos produtos, quer partilhar feedback ou procura aconselhamento personalizado? Preencha o formul\u00e1rio abaixo e entraremos em contacto consigo o mais rapidamente poss\u00edvel.<\/p>\n<p>[\/et_pb_text][et_pb_contact_form captcha=&#8221;off&#8221; email=&#8221;brandmanagement@globalautomotivegroup.com&#8221; custom_message=&#8221;Het contactformulier op de Portugese gripmax-tyres.com is ingevuld. Graag contact spoedig contact opnemen.||et_pb_line_break_holder||||et_pb_line_break_holder||%%name%%||et_pb_line_break_holder||%%email%%||et_pb_line_break_holder||%%phone%%||et_pb_line_break_holder||%%subject%%||et_pb_line_break_holder||%%message%%&#8221; success_message=&#8221;<\/p>\n<p>A sua mensagem foi enviada com sucesso.<\/p>\n<p>&#8221; submit_button_text=&#8221;Entre em contato&#8221; _builder_version=&#8221;4.27.6&#8243; _module_preset=&#8221;default&#8221; _unique_id=&#8221;a52eaa7d-257a-4172-9637-26ee85642b9f&#8221; form_field_font_size=&#8221;17px&#8221; custom_button=&#8221;on&#8221; button_text_color=&#8221;#000000&#8243; button_border_radius=&#8221;10px&#8221; button_font=&#8221;Fira sans &#8211; Extra bold italic|||on|||||&#8221; button_use_icon=&#8221;off&#8221; admin_email_subject=&#8221;Ingevuld contactformulier via gripmax-tyres.com&#8221; admin_email_from_name=&#8221;info@gripmax-tyres.com&#8221; submit_button_wait_text=&#8221;Por favor, aguarde&#8230;&#8221; use_cloudflare_turnstile=&#8221;on&#8221; global_colors_info=&#8221;{%22gcid-primary-color%22:%91%22button_bg_color%22%93}&#8221; button_bg_color__hover_enabled=&#8221;on|desktop&#8221; button_border_color__hover_enabled=&#8221;on|hover&#8221; button_border_color__hover=&#8221;#E02B20&#8243; button_text_color__hover_enabled=&#8221;on|hover&#8221; button_text_color__hover=&#8221;#FFFFFF&#8221; button_bg_color__hover=&#8221;rgba(226,0,26,0.9)&#8221; button_bg_enable_color__hover=&#8221;on&#8221; submit_button_alignment_last_edited=&#8221;on|phone&#8221; submit_button_alignment_phone=&#8221;center&#8221;][et_pb_contact_field field_id=&#8221;name&#8221; field_title=&#8221;Nome&#8221; _builder_version=&#8221;4.27.6&#8243; global_colors_info=&#8221;{}&#8221; button_text_size__hover_enabled=&#8221;off&#8221; button_one_text_size__hover_enabled=&#8221;off&#8221; button_two_text_size__hover_enabled=&#8221;off&#8221; button_text_color__hover_enabled=&#8221;off&#8221; button_one_text_color__hover_enabled=&#8221;off&#8221; button_two_text_color__hover_enabled=&#8221;off&#8221; button_border_width__hover_enabled=&#8221;off&#8221; button_one_border_width__hover_enabled=&#8221;off&#8221; button_two_border_width__hover_enabled=&#8221;off&#8221; button_border_color__hover_enabled=&#8221;off&#8221; button_one_border_color__hover_enabled=&#8221;off&#8221; button_two_border_color__hover_enabled=&#8221;off&#8221; button_border_radius__hover_enabled=&#8221;off&#8221; button_one_border_radius__hover_enabled=&#8221;off&#8221; button_two_border_radius__hover_enabled=&#8221;off&#8221; button_letter_spacing__hover_enabled=&#8221;off&#8221; button_one_letter_spacing__hover_enabled=&#8221;off&#8221; button_two_letter_spacing__hover_enabled=&#8221;off&#8221; button_bg_color__hover_enabled=&#8221;off&#8221; button_one_bg_color__hover_enabled=&#8221;off&#8221; button_two_bg_color__hover_enabled=&#8221;off&#8221;][\/et_pb_contact_field][et_pb_contact_field field_id=&#8221;email&#8221; field_title=&#8221;Endere\u00e7o de e-mail&#8221; field_type=&#8221;email&#8221; _builder_version=&#8221;4.27.6&#8243; global_colors_info=&#8221;{}&#8221; button_text_size__hover_enabled=&#8221;off&#8221; button_one_text_size__hover_enabled=&#8221;off&#8221; button_two_text_size__hover_enabled=&#8221;off&#8221; button_text_color__hover_enabled=&#8221;off&#8221; button_one_text_color__hover_enabled=&#8221;off&#8221; button_two_text_color__hover_enabled=&#8221;off&#8221; button_border_width__hover_enabled=&#8221;off&#8221; button_one_border_width__hover_enabled=&#8221;off&#8221; button_two_border_width__hover_enabled=&#8221;off&#8221; button_border_color__hover_enabled=&#8221;off&#8221; button_one_border_color__hover_enabled=&#8221;off&#8221; button_two_border_color__hover_enabled=&#8221;off&#8221; button_border_radius__hover_enabled=&#8221;off&#8221; button_one_border_radius__hover_enabled=&#8221;off&#8221; button_two_border_radius__hover_enabled=&#8221;off&#8221; button_letter_spacing__hover_enabled=&#8221;off&#8221; button_one_letter_spacing__hover_enabled=&#8221;off&#8221; button_two_letter_spacing__hover_enabled=&#8221;off&#8221; button_bg_color__hover_enabled=&#8221;off&#8221; button_one_bg_color__hover_enabled=&#8221;off&#8221; button_two_bg_color__hover_enabled=&#8221;off&#8221;][\/et_pb_contact_field][et_pb_contact_field field_id=&#8221;phone&#8221; field_title=&#8221;N\u00famero de telefone&#8221; allowed_symbols=&#8221;numbers&#8221; _builder_version=&#8221;4.27.6&#8243; global_colors_info=&#8221;{}&#8221; button_text_size__hover_enabled=&#8221;off&#8221; button_one_text_size__hover_enabled=&#8221;off&#8221; button_two_text_size__hover_enabled=&#8221;off&#8221; button_text_color__hover_enabled=&#8221;off&#8221; button_one_text_color__hover_enabled=&#8221;off&#8221; button_two_text_color__hover_enabled=&#8221;off&#8221; button_border_width__hover_enabled=&#8221;off&#8221; button_one_border_width__hover_enabled=&#8221;off&#8221; button_two_border_width__hover_enabled=&#8221;off&#8221; button_border_color__hover_enabled=&#8221;off&#8221; button_one_border_color__hover_enabled=&#8221;off&#8221; button_two_border_color__hover_enabled=&#8221;off&#8221; button_border_radius__hover_enabled=&#8221;off&#8221; button_one_border_radius__hover_enabled=&#8221;off&#8221; button_two_border_radius__hover_enabled=&#8221;off&#8221; button_letter_spacing__hover_enabled=&#8221;off&#8221; button_one_letter_spacing__hover_enabled=&#8221;off&#8221; button_two_letter_spacing__hover_enabled=&#8221;off&#8221; button_bg_color__hover_enabled=&#8221;off&#8221; button_one_bg_color__hover_enabled=&#8221;off&#8221; button_two_bg_color__hover_enabled=&#8221;off&#8221;][\/et_pb_contact_field][et_pb_contact_field field_id=&#8221;subject&#8221; field_title=&#8221;Assunto&#8221; allowed_symbols=&#8221;numbers&#8221; _builder_version=&#8221;4.27.6&#8243; global_colors_info=&#8221;{}&#8221; button_text_size__hover_enabled=&#8221;off&#8221; button_one_text_size__hover_enabled=&#8221;off&#8221; button_two_text_size__hover_enabled=&#8221;off&#8221; button_text_color__hover_enabled=&#8221;off&#8221; button_one_text_color__hover_enabled=&#8221;off&#8221; button_two_text_color__hover_enabled=&#8221;off&#8221; button_border_width__hover_enabled=&#8221;off&#8221; button_one_border_width__hover_enabled=&#8221;off&#8221; button_two_border_width__hover_enabled=&#8221;off&#8221; button_border_color__hover_enabled=&#8221;off&#8221; button_one_border_color__hover_enabled=&#8221;off&#8221; button_two_border_color__hover_enabled=&#8221;off&#8221; button_border_radius__hover_enabled=&#8221;off&#8221; button_one_border_radius__hover_enabled=&#8221;off&#8221; button_two_border_radius__hover_enabled=&#8221;off&#8221; button_letter_spacing__hover_enabled=&#8221;off&#8221; button_one_letter_spacing__hover_enabled=&#8221;off&#8221; button_two_letter_spacing__hover_enabled=&#8221;off&#8221; button_bg_color__hover_enabled=&#8221;off&#8221; button_one_bg_color__hover_enabled=&#8221;off&#8221; button_two_bg_color__hover_enabled=&#8221;off&#8221;][\/et_pb_contact_field][et_pb_contact_field field_id=&#8221;Message&#8221; field_title=&#8221;Messaggio&#8221; field_type=&#8221;text&#8221; fullwidth_field=&#8221;on&#8221; _builder_version=&#8221;4.27.6&#8243; global_colors_info=&#8221;{}&#8221; button_text_size__hover_enabled=&#8221;off&#8221; button_one_text_size__hover_enabled=&#8221;off&#8221; button_two_text_size__hover_enabled=&#8221;off&#8221; button_text_color__hover_enabled=&#8221;off&#8221; button_one_text_color__hover_enabled=&#8221;off&#8221; button_two_text_color__hover_enabled=&#8221;off&#8221; button_border_width__hover_enabled=&#8221;off&#8221; button_one_border_width__hover_enabled=&#8221;off&#8221; button_two_border_width__hover_enabled=&#8221;off&#8221; button_border_color__hover_enabled=&#8221;off&#8221; button_one_border_color__hover_enabled=&#8221;off&#8221; button_two_border_color__hover_enabled=&#8221;off&#8221; button_border_radius__hover_enabled=&#8221;off&#8221; button_one_border_radius__hover_enabled=&#8221;off&#8221; button_two_border_radius__hover_enabled=&#8221;off&#8221; button_letter_spacing__hover_enabled=&#8221;off&#8221; button_one_letter_spacing__hover_enabled=&#8221;off&#8221; button_two_letter_spacing__hover_enabled=&#8221;off&#8221; button_bg_color__hover_enabled=&#8221;off&#8221; button_one_bg_color__hover_enabled=&#8221;off&#8221; button_two_bg_color__hover_enabled=&#8221;off&#8221;][\/et_pb_contact_field][\/et_pb_contact_form][\/et_pb_column][et_pb_column type=&#8221;2_5&#8243; _builder_version=&#8221;4.27.6&#8243; _module_preset=&#8221;default&#8221; background_color=&#8221;rgba(0,0,0,0.05)&#8221; custom_padding=&#8221;40px|40px|40px|40px|true|true&#8221; global_colors_info=&#8221;{}&#8221;][et_pb_text _builder_version=&#8221;4.27.6&#8243; _module_preset=&#8221;default&#8221; header_font=&#8221;||||||||&#8221; header_3_font=&#8221;|||on|||||&#8221; header_3_font_size=&#8221;25px&#8221; header_3_line_height=&#8221;1.1em&#8221; text_line_height_tablet=&#8221;&#8221; text_line_height_phone=&#8221;1.2em&#8221; text_line_height_last_edited=&#8221;on|phone&#8221; header_3_line_height_tablet=&#8221;&#8221; header_3_line_height_phone=&#8221;1em&#8221; header_3_line_height_last_edited=&#8221;on|phone&#8221; global_colors_info=&#8221;{}&#8221;]<\/p>\n<h3>Contacto com um especialista Gripmax<\/h3>\n<p><span><\/span><\/p>\n<p>Os nossos especialistas est\u00e3o prontos para ajudar. Entre em contacto connosco sem compromisso.<\/p>\n<p>[\/et_pb_text][et_pb_button button_url=&#8221;tel:+31181331444&#8243; button_text=&#8221;+31 181 331 444&#8243; button_alignment=&#8221;center&#8221; button_text_tablet=&#8221;+31 181 331 444&#8243; button_text_phone=&#8221;Telefonisch contact&#8221; button_text_last_edited=&#8221;off|desktop&#8221; _builder_version=&#8221;4.27.6&#8243; _module_preset=&#8221;default&#8221; custom_button=&#8221;on&#8221; button_text_color=&#8221;#000000&#8243; button_bg_color=&#8221;RGBA(255,255,255,0)&#8221; button_border_color=&#8221;#000000&#8243; button_border_radius=&#8221;12px&#8221; button_font=&#8221;Fira sans &#8211; Extra bold italic|||on|||||&#8221; button_use_icon=&#8221;off&#8221; hover_enabled=&#8221;0&#8243; button_text_size_tablet=&#8221;&#8221; button_text_size_phone=&#8221;14px&#8221; button_text_size_last_edited=&#8221;on|phone&#8221; custom_css_main_element=&#8221;width:100%;&#8221; global_colors_info=&#8221;{%22gcid-primary-color%22:%91%22button_bg_color__hover%22%93}&#8221; button_bg_color__hover_enabled=&#8221;on|desktop&#8221; button_bg_color__hover=&#8221;#e30512&#8243; button_bg_enable_color__hover=&#8221;on&#8221; button_border_color__hover_enabled=&#8221;on|hover&#8221; button_border_color__hover=&#8221;#E02B20&#8243; button_text_color__hover_enabled=&#8221;on|hover&#8221; button_text_color__hover=&#8221;#FFFFFF&#8221; sticky_enabled=&#8221;0&#8243;][\/et_pb_button][et_pb_button button_url=&#8221;mailto:sales@vandenban.nl&#8221; button_text=&#8221;Contacto por e-mail&#8221; button_alignment=&#8221;center&#8221; _builder_version=&#8221;4.27.6&#8243; _module_preset=&#8221;default&#8221; custom_button=&#8221;on&#8221; button_text_color=&#8221;#FFFFFF&#8221; button_bg_color=&#8221;rgba(227,5,18,0.88)&#8221; button_border_color=&#8221;#E02B20&#8243; button_border_radius=&#8221;12px&#8221; button_font=&#8221;Fira sans &#8211; Extra bold italic|||on|||||&#8221; button_use_icon=&#8221;off&#8221; button_text_size_tablet=&#8221;&#8221; button_text_size_phone=&#8221;14px&#8221; button_text_size_last_edited=&#8221;on|phone&#8221; custom_css_main_element=&#8221;width:100%;&#8221; global_colors_info=&#8221;{%22gcid-primary-color%22:%91%22button_bg_color__hover%22%93}&#8221; button_bg_color__hover_enabled=&#8221;on|hover&#8221; button_bg_color__hover=&#8221;&#8221; button_bg_enable_color__hover=&#8221;off&#8221; button_border_color__hover_enabled=&#8221;on|hover&#8221; button_border_color__hover=&#8221;#000000&#8243; button_text_color__hover_enabled=&#8221;on|hover&#8221; button_text_color__hover=&#8221;#000000&#8243;][\/et_pb_button][\/et_pb_column][\/et_pb_row][\/et_pb_section]<\/p>\n","protected":false},"excerpt":{"rendered":"<p>Gripmax \u00a0 contactoTem d\u00favidas sobre os nossos produtos, quer partilhar feedback ou procura aconselhamento personalizado? Preencha o formul\u00e1rio abaixo e entraremos em contacto consigo o mais rapidamente poss\u00edvel.Contacto com um especialista Gripmax Os nossos especialistas est\u00e3o prontos para ajudar. Entre em contacto connosco sem compromisso.<\/p>\n","protected":false},"author":1,"featured_media":0,"parent":0,"menu_order":0,"comment_status":"closed","ping_status":"closed","template":"","meta":{"_acf_changed":false,"_et_pb_use_builder":"on","_et_pb_old_content":"<!-- wp:divi\/placeholder \/-->","_et_gb_content_width":"","footnotes":""},"dipi_cpt_category":[],"class_list":["post-27398864","page","type-page","status-publish","hentry"],"acf":[],"yoast_head":"<!-- This site is optimized with the Yoast SEO plugin v27.6 - https:\/\/yoast.com\/product\/yoast-seo-wordpress\/ -->\n<title>Contacto - Gripmax<\/title>\n<meta name=\"description\" content=\"Gostaria de saber mais sobre a marca Gripmax e a sua vasta gama de produtos? Basta contactar-nos atrav\u00e9s do formul\u00e1rio de contacto.\" \/>\n<meta name=\"robots\" content=\"noindex, follow\" \/>\n<meta property=\"og:locale\" content=\"pt_PT\" \/>\n<meta property=\"og:type\" content=\"article\" \/>\n<meta property=\"og:title\" content=\"Contacto - Gripmax\" \/>\n<meta property=\"og:description\" content=\"Gostaria de saber mais sobre a marca Gripmax e a sua vasta gama de produtos? Basta contactar-nos atrav\u00e9s do formul\u00e1rio de contacto.\" \/>\n<meta property=\"og:url\" content=\"https:\/\/gripmax-tyres.com\/pt-pt\/contacto\/\" \/>\n<meta property=\"og:site_name\" content=\"Gripmax\" \/>\n<meta property=\"article:modified_time\" content=\"2026-04-30T11:12:26+00:00\" \/>\n<meta name=\"twitter:card\" content=\"summary_large_image\" \/>\n<meta name=\"twitter:label1\" content=\"Tempo estimado de leitura\" \/>\n\t<meta name=\"twitter:data1\" content=\"1 minuto\" \/>\n<script type=\"application\/ld+json\" class=\"yoast-schema-graph\">{\"@context\":\"https:\\\/\\\/schema.org\",\"@graph\":[{\"@type\":\"WebPage\",\"@id\":\"https:\\\/\\\/gripmax-tyres.com\\\/pt-pt\\\/contacto\\\/\",\"url\":\"https:\\\/\\\/gripmax-tyres.com\\\/pt-pt\\\/contacto\\\/\",\"name\":\"Contacto - Gripmax\",\"isPartOf\":{\"@id\":\"https:\\\/\\\/gripmax-tyres.com\\\/pt-pt\\\/#website\"},\"datePublished\":\"2026-01-23T14:10:54+00:00\",\"dateModified\":\"2026-04-30T11:12:26+00:00\",\"description\":\"Gostaria de saber mais sobre a marca Gripmax e a sua vasta gama de produtos? Basta contactar-nos atrav\u00e9s do formul\u00e1rio de contacto.\",\"breadcrumb\":{\"@id\":\"https:\\\/\\\/gripmax-tyres.com\\\/pt-pt\\\/contacto\\\/#breadcrumb\"},\"inLanguage\":\"pt-PT\",\"potentialAction\":[{\"@type\":\"ReadAction\",\"target\":[\"https:\\\/\\\/gripmax-tyres.com\\\/pt-pt\\\/contacto\\\/\"]}]},{\"@type\":\"BreadcrumbList\",\"@id\":\"https:\\\/\\\/gripmax-tyres.com\\\/pt-pt\\\/contacto\\\/#breadcrumb\",\"itemListElement\":[{\"@type\":\"ListItem\",\"position\":1,\"name\":\"Home\",\"item\":\"https:\\\/\\\/gripmax-tyres.com\\\/pt-pt\\\/\"},{\"@type\":\"ListItem\",\"position\":2,\"name\":\"Contacto\"}]},{\"@type\":\"WebSite\",\"@id\":\"https:\\\/\\\/gripmax-tyres.com\\\/pt-pt\\\/#website\",\"url\":\"https:\\\/\\\/gripmax-tyres.com\\\/pt-pt\\\/\",\"name\":\"Gripmax\",\"description\":\"The tyre you can rely on\",\"potentialAction\":[{\"@type\":\"SearchAction\",\"target\":{\"@type\":\"EntryPoint\",\"urlTemplate\":\"https:\\\/\\\/gripmax-tyres.com\\\/pt-pt\\\/?s={search_term_string}\"},\"query-input\":{\"@type\":\"PropertyValueSpecification\",\"valueRequired\":true,\"valueName\":\"search_term_string\"}}],\"inLanguage\":\"pt-PT\"}]}<\/script>\n<!-- \/ Yoast SEO plugin. -->","yoast_head_json":{"title":"Contacto - Gripmax","description":"Gostaria de saber mais sobre a marca Gripmax e a sua vasta gama de produtos? Basta contactar-nos atrav\u00e9s do formul\u00e1rio de contacto.","robots":{"index":"noindex","follow":"follow"},"og_locale":"pt_PT","og_type":"article","og_title":"Contacto - Gripmax","og_description":"Gostaria de saber mais sobre a marca Gripmax e a sua vasta gama de produtos? Basta contactar-nos atrav\u00e9s do formul\u00e1rio de contacto.","og_url":"https:\/\/gripmax-tyres.com\/pt-pt\/contacto\/","og_site_name":"Gripmax","article_modified_time":"2026-04-30T11:12:26+00:00","twitter_card":"summary_large_image","twitter_misc":{"Tempo estimado de leitura":"1 minuto"},"schema":{"@context":"https:\/\/schema.org","@graph":[{"@type":"WebPage","@id":"https:\/\/gripmax-tyres.com\/pt-pt\/contacto\/","url":"https:\/\/gripmax-tyres.com\/pt-pt\/contacto\/","name":"Contacto - Gripmax","isPartOf":{"@id":"https:\/\/gripmax-tyres.com\/pt-pt\/#website"},"datePublished":"2026-01-23T14:10:54+00:00","dateModified":"2026-04-30T11:12:26+00:00","description":"Gostaria de saber mais sobre a marca Gripmax e a sua vasta gama de produtos? Basta contactar-nos atrav\u00e9s do formul\u00e1rio de contacto.","breadcrumb":{"@id":"https:\/\/gripmax-tyres.com\/pt-pt\/contacto\/#breadcrumb"},"inLanguage":"pt-PT","potentialAction":[{"@type":"ReadAction","target":["https:\/\/gripmax-tyres.com\/pt-pt\/contacto\/"]}]},{"@type":"BreadcrumbList","@id":"https:\/\/gripmax-tyres.com\/pt-pt\/contacto\/#breadcrumb","itemListElement":[{"@type":"ListItem","position":1,"name":"Home","item":"https:\/\/gripmax-tyres.com\/pt-pt\/"},{"@type":"ListItem","position":2,"name":"Contacto"}]},{"@type":"WebSite","@id":"https:\/\/gripmax-tyres.com\/pt-pt\/#website","url":"https:\/\/gripmax-tyres.com\/pt-pt\/","name":"Gripmax","description":"The tyre you can rely on","potentialAction":[{"@type":"SearchAction","target":{"@type":"EntryPoint","urlTemplate":"https:\/\/gripmax-tyres.com\/pt-pt\/?s={search_term_string}"},"query-input":{"@type":"PropertyValueSpecification","valueRequired":true,"valueName":"search_term_string"}}],"inLanguage":"pt-PT"}]}},"_links":{"self":[{"href":"https:\/\/gripmax-tyres.com\/pt-pt\/wp-json\/wp\/v2\/pages\/27398864","targetHints":{"allow":["GET"]}}],"collection":[{"href":"https:\/\/gripmax-tyres.com\/pt-pt\/wp-json\/wp\/v2\/pages"}],"about":[{"href":"https:\/\/gripmax-tyres.com\/pt-pt\/wp-json\/wp\/v2\/types\/page"}],"author":[{"embeddable":true,"href":"https:\/\/gripmax-tyres.com\/pt-pt\/wp-json\/wp\/v2\/users\/1"}],"replies":[{"embeddable":true,"href":"https:\/\/gripmax-tyres.com\/pt-pt\/wp-json\/wp\/v2\/comments?post=27398864"}],"version-history":[{"count":2,"href":"https:\/\/gripmax-tyres.com\/pt-pt\/wp-json\/wp\/v2\/pages\/27398864\/revisions"}],"predecessor-version":[{"id":27399551,"href":"https:\/\/gripmax-tyres.com\/pt-pt\/wp-json\/wp\/v2\/pages\/27398864\/revisions\/27399551"}],"wp:attachment":[{"href":"https:\/\/gripmax-tyres.com\/pt-pt\/wp-json\/wp\/v2\/media?parent=27398864"}],"wp:term":[{"taxonomy":"dipi_cpt_category","embeddable":true,"href":"https:\/\/gripmax-tyres.com\/pt-pt\/wp-json\/wp\/v2\/dipi_cpt_category?post=27398864"}],"curies":[{"name":"wp","href":"https:\/\/api.w.org\/{rel}","templated":true}]}}